{"id":84894,"date":"2024-05-21T20:44:03","date_gmt":"2024-05-21T18:44:03","guid":{"rendered":"https:\/\/www.proyectodona.org\/?page_id=84894"},"modified":"2024-09-23T11:56:39","modified_gmt":"2024-09-23T09:56:39","slug":"voluntariado","status":"publish","type":"page","link":"https:\/\/www.proyectodona.org\/index.php\/voluntariado\/","title":{"rendered":"Voluntariado"},"content":{"rendered":"<p>[et_pb_section fb_built=\u00bb1&#8243; _builder_version=\u00bb4.25.1&#8243; _module_preset=\u00bbdefault\u00bb background_color=\u00bbrgba(0,0,0,0.74)\u00bb background_image=\u00bbhttp:\/\/www.proyectodona.org\/wp-content\/uploads\/2024\/05\/Fondo-Banner-1.jpg\u00bb background_blend=\u00bbmultiply\u00bb locked=\u00bboff\u00bb global_colors_info=\u00bb{}\u00bb][et_pb_row _builder_version=\u00bb4.23.2&#8243; _module_preset=\u00bbdefault\u00bb width=\u00bb90%\u00bb max_width=\u00bb1170px\u00bb custom_margin=\u00bb0px||0px||false|false\u00bb custom_margin_tablet=\u00bb0px||0px||false|false\u00bb custom_margin_phone=\u00bb100px||0px||false|false\u00bb custom_margin_last_edited=\u00bbon|phone\u00bb custom_padding=\u00bb0px||0px||false|false\u00bb animation_style=\u00bbslide\u00bb animation_direction=\u00bbtop\u00bb animation_intensity_slide=\u00bb4%\u00bb animation_speed_curve=\u00bbease\u00bb global_colors_info=\u00bb{}\u00bb][et_pb_column type=\u00bb4_4&#8243; _builder_version=\u00bb4.22.2&#8243; _module_preset=\u00bbdefault\u00bb global_colors_info=\u00bb{}\u00bb][et_pb_icon font_icon=\u00bb&#xf111;||fa||900&#8243; icon_width=\u00bb30px\u00bb align=\u00bbleft\u00bb icon_width_tablet=\u00bb30px\u00bb icon_width_phone=\u00bb20px\u00bb icon_width_last_edited=\u00bbon|phone\u00bb _builder_version=\u00bb4.23.2&#8243; _module_preset=\u00bbdefault\u00bb custom_margin=\u00bb0px|10px|0px|90px|false|false\u00bb custom_margin_tablet=\u00bb|||165px|false|false\u00bb custom_margin_phone=\u00bb0px|10px|0px|3px|false|false\u00bb custom_margin_last_edited=\u00bbon|phone\u00bb custom_padding=\u00bb0px||0px||false|false\u00bb custom_css_main_element=\u00bbdisplay:inline-block;\u00bb global_colors_info=\u00bb{}\u00bb][\/et_pb_icon][et_pb_icon font_icon=\u00bb&#xf111;||fa||900&#8243; icon_width=\u00bb30px\u00bb align=\u00bbleft\u00bb icon_width_tablet=\u00bb30px\u00bb icon_width_phone=\u00bb20px\u00bb icon_width_last_edited=\u00bbon|phone\u00bb _builder_version=\u00bb4.25.0&#8243; _module_preset=\u00bbdefault\u00bb custom_margin=\u00bb0px||0px||false|false\u00bb custom_padding=\u00bb0px||0px||false|false\u00bb custom_css_main_element=\u00bbdisplay:inline-block;\u00bb global_colors_info=\u00bb{}\u00bb][\/et_pb_icon][et_pb_text content_tablet=\u00bb<\/p>\n<h2>Asociaci\u00f3n m\u00e1s que ayuda y reciclaje<\/h2>\n<p>\u00bb content_phone=\u00bb<\/p>\n<h2>Asociaci\u00f3n m\u00e1s que ayuda y reciclaje<\/h2>\n<p>\u00bb content_last_edited=\u00bbon|tablet\u00bb _builder_version=\u00bb4.27.0&#8243; _module_preset=\u00bbdefault\u00bb header_font=\u00bbOutfit|700||on|||||\u00bb header_text_align=\u00bbcenter\u00bb header_text_color=\u00bb#FFFFFF\u00bb header_font_size=\u00bb102px\u00bb header_letter_spacing=\u00bb10px\u00bb header_line_height=\u00bb1.1em\u00bb header_2_font=\u00bbOutfit|700|||||||\u00bb header_2_text_align=\u00bbcenter\u00bb header_2_text_color=\u00bb#FFFFFF\u00bb header_2_font_size=\u00bb24px\u00bb header_2_letter_spacing=\u00bb2px\u00bb custom_margin=\u00bb-2px||0px||false|false\u00bb custom_margin_tablet=\u00bb0px||0px||false|false\u00bb custom_margin_phone=\u00bb0px||0px||false|false\u00bb custom_margin_last_edited=\u00bbon|tablet\u00bb custom_padding=\u00bb0px||0px||false|false\u00bb hover_enabled=\u00bb0&#8243; header_font_size_tablet=\u00bb62px\u00bb header_font_size_phone=\u00bb40px\u00bb header_font_size_last_edited=\u00bbon|tablet\u00bb header_letter_spacing_tablet=\u00bb5px\u00bb header_letter_spacing_phone=\u00bb3px\u00bb header_letter_spacing_last_edited=\u00bbon|tablet\u00bb global_colors_info=\u00bb{}\u00bb sticky_enabled=\u00bb0&#8243;]<\/p>\n<h2>Asociaci\u00f3n m\u00e1s que ayuda y reciclaje<\/h2>\n<p>[\/et_pb_text][et_pb_text content_tablet=\u00bb<\/p>\n<h1>Proyecto Dona<\/h1>\n<h1><a href=%22#%22><\/a><\/h1>\n<p>\u00bb content_phone=\u00bb<\/p>\n<h1>Proyecto Dona<\/h1>\n<p>\u00bb content_last_edited=\u00bbon|tablet\u00bb _builder_version=\u00bb4.25.0&#8243; _module_preset=\u00bbdefault\u00bb header_font=\u00bbOutfit|700||on|||||\u00bb header_text_align=\u00bbcenter\u00bb header_text_color=\u00bb#FFFFFF\u00bb header_font_size=\u00bb102px\u00bb header_letter_spacing=\u00bb10px\u00bb header_line_height=\u00bb1.1em\u00bb custom_margin=\u00bb-2px||0px||false|false\u00bb custom_margin_tablet=\u00bb0px||0px||false|false\u00bb custom_margin_phone=\u00bb0px||0px||false|false\u00bb custom_margin_last_edited=\u00bbon|tablet\u00bb custom_padding=\u00bb0px||0px||false|false\u00bb header_font_size_tablet=\u00bb62px\u00bb header_font_size_phone=\u00bb40px\u00bb header_font_size_last_edited=\u00bbon|tablet\u00bb header_letter_spacing_tablet=\u00bb5px\u00bb header_letter_spacing_phone=\u00bb3px\u00bb header_letter_spacing_last_edited=\u00bbon|tablet\u00bb global_colors_info=\u00bb{}\u00bb]<\/p>\n<h1>VOLUNTARIADO<\/h1>\n<p>[\/et_pb_text][\/et_pb_column][\/et_pb_row][\/et_pb_section][et_pb_section fb_built=\u00bb1&#8243; custom_padding_last_edited=\u00bbon|tablet\u00bb module_id=\u00bbVoluntarias\u00bb _builder_version=\u00bb4.25.0&#8243; _module_preset=\u00bbdefault\u00bb background_color=\u00bb#000000&#8243; background_enable_image=\u00bboff\u00bb background_blend=\u00bbmultiply\u00bb custom_margin=\u00bb0px||0px||false|false\u00bb custom_padding=\u00bb120px||5px||false|false\u00bb custom_padding_tablet=\u00bb109px||120px||false|false\u00bb custom_padding_phone=\u00bb84px||90px||false|false\u00bb locked=\u00bboff\u00bb global_colors_info=\u00bb{}\u00bb][et_pb_row use_custom_gutter=\u00bbon\u00bb gutter_width=\u00bb1&#8243; _builder_version=\u00bb4.22.2&#8243; _module_preset=\u00bbdefault\u00bb width=\u00bb90%\u00bb max_width=\u00bb1170px\u00bb custom_margin=\u00bb0px||0px||false|false\u00bb custom_padding=\u00bb0px||0px||false|false\u00bb global_colors_info=\u00bb{}\u00bb][et_pb_column type=\u00bb4_4&#8243; _builder_version=\u00bb4.22.2&#8243; _module_preset=\u00bbdefault\u00bb animation_style=\u00bbslide\u00bb animation_direction=\u00bbleft\u00bb animation_intensity_slide=\u00bb2%\u00bb animation_speed_curve=\u00bbease\u00bb global_colors_info=\u00bb{}\u00bb][et_pb_icon font_icon=\u00bb&#xf111;||fa||900&#8243; icon_width=\u00bb7px\u00bb _builder_version=\u00bb4.23.2&#8243; _module_preset=\u00bbdefault\u00bb custom_margin=\u00bb0px||15px||false|false\u00bb custom_padding=\u00bb0px||0px||false|false\u00bb global_colors_info=\u00bb{}\u00bb][\/et_pb_icon][et_pb_text _builder_version=\u00bb4.23.2&#8243; _module_preset=\u00bbdefault\u00bb header_4_font=\u00bbManrope|||on|||||\u00bb header_4_text_align=\u00bbcenter\u00bb header_4_text_color=\u00bbrgba(247,247,247,0.65)\u00bb header_4_font_size=\u00bb14px\u00bb header_4_letter_spacing=\u00bb1.4px\u00bb header_4_line_height=\u00bb1.2em\u00bb custom_margin=\u00bb0px||-5px||false|false\u00bb custom_padding=\u00bb0px||0px||false|false\u00bb global_colors_info=\u00bb{}\u00bb]<\/p>\n<h4>Forma parte de nosotros<\/h4>\n<p>[\/et_pb_text][et_pb_text _builder_version=\u00bb4.23.2&#8243; _module_preset=\u00bbdefault\u00bb header_2_font=\u00bbOutfit|700|||||||\u00bb header_2_text_align=\u00bbcenter\u00bb header_2_text_color=\u00bb#FFFFFF\u00bb header_2_font_size=\u00bb51px\u00bb header_2_line_height=\u00bb1.2em\u00bb custom_margin=\u00bb0px||30px||false|false\u00bb custom_padding=\u00bb0px||0px||false|false\u00bb header_2_font_size_tablet=\u00bb51px\u00bb header_2_font_size_phone=\u00bb30px\u00bb header_2_font_size_last_edited=\u00bbon|phone\u00bb global_colors_info=\u00bb{}\u00bb]<\/p>\n<h2>\u00a1Hazte <span style=\"color: #e5097f;\">Voluntario!<\/span><\/h2>\n<p>[\/et_pb_text][\/et_pb_column][\/et_pb_row][et_pb_row column_structure=\u00bb1_2,1_2&#8243; _builder_version=\u00bb4.23.2&#8243; _module_preset=\u00bbdefault\u00bb global_colors_info=\u00bb{}\u00bb][et_pb_column type=\u00bb1_2&#8243; _builder_version=\u00bb4.23.2&#8243; _module_preset=\u00bbdefault\u00bb global_colors_info=\u00bb{}\u00bb][et_pb_text _builder_version=\u00bb4.23.2&#8243; _module_preset=\u00bbdefault\u00bb text_font=\u00bbOutfit||||||||\u00bb text_text_color=\u00bb#000000&#8243; text_font_size=\u00bb16px\u00bb text_letter_spacing=\u00bb3px\u00bb background_color=\u00bb#FFFFFF\u00bb text_orientation=\u00bbcenter\u00bb custom_padding=\u00bb40px|80px|40px|80px|true|true\u00bb custom_padding_tablet=\u00bb|50px||50px|true|true\u00bb custom_padding_phone=\u00bb40px|20px|40px|20px|true|true\u00bb custom_padding_last_edited=\u00bbon|tablet\u00bb box_shadow_style=\u00bbpreset1&#8243; global_colors_info=\u00bb{}\u00bb]<\/p>\n<p><span style=\"color: #e5097f;\"><b>PROYECTO DONA<\/b><\/span><\/p>\n<p><strong>Si quieres pasar a la acci\u00f3n, puedes unirte al equipo de MUJERES que forman nuestra asociaci\u00f3n para el Cambio en la provincia de Alicante.<\/strong><\/p>\n<p><strong>Donas que creemos que el cambio es posible, y trabajamos con empe\u00f1o por la justicia social y la igualdad de oportunidades en el \u00e1mbito laboral.<\/strong><\/p>\n<p><strong>Las voluntarias participan principalmente en tareas de CAMPA\u00d1AS ESCOLARES para fomentar entre la infancia y los adolescentes la importancia del reciclaje de ropa.<\/strong><\/p>\n<p><strong>Nuestra asociaci\u00f3n proyecto DONA es sensible y organiza o participando en actividades solidarias y realizando charlas y encuentros informativos. Tambi\u00e9n contamos con colaboradoras que nos apoyan en funciones de gesti\u00f3n, comunicaci\u00f3n o administraci\u00f3n.<\/strong><\/p>\n<p>[\/et_pb_text][\/et_pb_column][et_pb_column type=\u00bb1_2&#8243; _builder_version=\u00bb4.23.2&#8243; _module_preset=\u00bbdefault\u00bb global_colors_info=\u00bb{}\u00bb][et_pb_image src=\u00bbhttp:\/\/www.proyectodona.org\/wp-content\/uploads\/2024\/07\/Logo-mucho-mas-que-ayuda-proyecto-dona.png\u00bb title_text=\u00bbLogo mucho mas que ayuda proyecto dona\u00bb _builder_version=\u00bb4.27.0&#8243; _module_preset=\u00bbdefault\u00bb hover_enabled=\u00bb0&#8243; global_colors_info=\u00bb{}\u00bb module_alignment_last_edited=\u00bbon|tablet\u00bb width_last_edited=\u00bbon|phone\u00bb width_tablet=\u00bb40%\u00bb module_alignment_tablet=\u00bbcenter\u00bb sticky_enabled=\u00bb0&#8243; width_phone=\u00bb75%\u00bb module_alignment_phone=\u00bbcenter\u00bb][\/et_pb_image][et_pb_text _builder_version=\u00bb4.23.2&#8243; _module_preset=\u00bbdefault\u00bb text_font=\u00bbOutfit||||||||\u00bb text_text_color=\u00bb#FFFFFF\u00bb text_font_size=\u00bb16px\u00bb text_letter_spacing=\u00bb3px\u00bb text_orientation=\u00bbcenter\u00bb custom_margin=\u00bb||-3px|||\u00bb custom_padding=\u00bb50px||14px||false|false\u00bb global_colors_info=\u00bb{}\u00bb]<\/p>\n<p><strong>Para unirte a nuestro voluntariado puedes ponerte en contacto con cualquiera de nuestra asociaci\u00f3n o escribirnos a nuestro email.\u00a0<\/strong><\/p>\n<p>[\/et_pb_text][et_pb_icon font_icon=\u00bb&#xf111;||fa||900&#8243; icon_width=\u00bb7px\u00bb _builder_version=\u00bb4.23.2&#8243; _module_preset=\u00bbdefault\u00bb custom_margin=\u00bb0px||15px||false|false\u00bb custom_padding=\u00bb0px||0px||false|false\u00bb global_colors_info=\u00bb{}\u00bb][\/et_pb_icon][et_pb_text _builder_version=\u00bb4.23.2&#8243; _module_preset=\u00bbdefault\u00bb header_3_text_align=\u00bbcenter\u00bb header_3_text_color=\u00bb#e5097f\u00bb header_3_font_size=\u00bb23px\u00bb custom_padding=\u00bb1px||||false|false\u00bb global_colors_info=\u00bb{}\u00bb]<\/p>\n<h3><strong>proyectodona@gmail.com<\/strong><\/h3>\n<p>[\/et_pb_text][\/et_pb_column][\/et_pb_row][et_pb_row _builder_version=\u00bb4.25.1&#8243; _module_preset=\u00bbdefault\u00bb global_colors_info=\u00bb{}\u00bb][et_pb_column type=\u00bb4_4&#8243; _builder_version=\u00bb4.25.1&#8243; _module_preset=\u00bbdefault\u00bb global_colors_info=\u00bb{}\u00bb][et_pb_text _builder_version=\u00bb4.25.1&#8243; _module_preset=\u00bbdefault\u00bb header_3_font=\u00bbOutfit||||||||\u00bb header_3_text_align=\u00bbcenter\u00bb header_3_text_color=\u00bb#FFFFFF\u00bb header_3_font_size=\u00bb31px\u00bb global_colors_info=\u00bb{}\u00bb]<\/p>\n<h3><span style=\"color: #e5097f;\">\u00danete <\/span>a nuestro equipo de <span style=\"color: #e5097f;\">voluntarios <\/span>y participa n nuestras diversas actividades y programas. Cada<span style=\"color: #e5097f;\"> minuto de tu tiempo<\/span> cuenta<\/h3>\n<p>[\/et_pb_text][\/et_pb_column][\/et_pb_row][et_pb_row column_structure=\u00bb1_4,1_4,1_4,1_4&#8243; _builder_version=\u00bb4.25.1&#8243; _module_preset=\u00bbdefault\u00bb global_colors_info=\u00bb{}\u00bb][et_pb_column type=\u00bb1_4&#8243; _builder_version=\u00bb4.25.1&#8243; _module_preset=\u00bbdefault\u00bb global_colors_info=\u00bb{}\u00bb][et_pb_image src=\u00bbhttp:\/\/www.proyectodona.org\/wp-content\/uploads\/2024\/05\/Foto-gallery-12.png\u00bb title_text=\u00bbFoto gallery &#8211; 12&#8243; _builder_version=\u00bb4.27.0&#8243; _module_preset=\u00bbdefault\u00bb global_colors_info=\u00bb{}\u00bb][\/et_pb_image][\/et_pb_column][et_pb_column type=\u00bb1_4&#8243; _builder_version=\u00bb4.25.1&#8243; _module_preset=\u00bbdefault\u00bb global_colors_info=\u00bb{}\u00bb][et_pb_image src=\u00bbhttp:\/\/www.proyectodona.org\/wp-content\/uploads\/2024\/05\/Foto-gallery-9.png\u00bb title_text=\u00bbFoto gallery &#8211; 9&#8243; _builder_version=\u00bb4.25.1&#8243; _module_preset=\u00bbdefault\u00bb global_colors_info=\u00bb{}\u00bb][\/et_pb_image][\/et_pb_column][et_pb_column type=\u00bb1_4&#8243; _builder_version=\u00bb4.25.1&#8243; _module_preset=\u00bbdefault\u00bb global_colors_info=\u00bb{}\u00bb][et_pb_image src=\u00bbhttp:\/\/www.proyectodona.org\/wp-content\/uploads\/2024\/05\/Foto-gallery-8.png\u00bb title_text=\u00bbFoto gallery &#8211; 8&#8243; _builder_version=\u00bb4.25.1&#8243; _module_preset=\u00bbdefault\u00bb global_colors_info=\u00bb{}\u00bb][\/et_pb_image][\/et_pb_column][et_pb_column type=\u00bb1_4&#8243; _builder_version=\u00bb4.25.1&#8243; _module_preset=\u00bbdefault\u00bb global_colors_info=\u00bb{}\u00bb][et_pb_image src=\u00bbhttp:\/\/www.proyectodona.org\/wp-content\/uploads\/2024\/05\/Foto-gallery-10.png\u00bb title_text=\u00bbFoto gallery &#8211; 10&#8243; _builder_version=\u00bb4.25.1&#8243; _module_preset=\u00bbdefault\u00bb global_colors_info=\u00bb{}\u00bb][\/et_pb_image][\/et_pb_column][\/et_pb_row][et_pb_row _builder_version=\u00bb4.25.1&#8243; _module_preset=\u00bbdefault\u00bb global_colors_info=\u00bb{}\u00bb][et_pb_column type=\u00bb4_4&#8243; _builder_version=\u00bb4.25.1&#8243; _module_preset=\u00bbdefault\u00bb global_colors_info=\u00bb{}\u00bb][et_pb_blurb title=\u00bbDifusi\u00f3n: Ay\u00fadanos a correr la voz sobre nuestra labor y las necesidades de la comunidad. Comparte nuestra misi\u00f3n con tus amigos, familiares y en tus redes sociales.\u00bb use_icon=\u00bbon\u00bb font_icon=\u00bb&#xf101;||fa||900&#8243; icon_placement=\u00bbleft\u00bb image_icon_width=\u00bb25px\u00bb _builder_version=\u00bb4.25.1&#8243; _module_preset=\u00bbdefault\u00bb header_font=\u00bbOutfit||||||||\u00bb header_text_color=\u00bb#a5a5a5&#8243; header_letter_spacing=\u00bb1px\u00bb global_colors_info=\u00bb{}\u00bb][\/et_pb_blurb][et_pb_blurb title=\u00bbProyectos e Ideas: Si tienes una idea o un proyecto que pueda beneficiar a la comunidad, estamos aqu\u00ed para escucharte y trabajar juntos.\u00bb use_icon=\u00bbon\u00bb font_icon=\u00bb&#xf101;||fa||900&#8243; icon_placement=\u00bbleft\u00bb image_icon_width=\u00bb25px\u00bb _builder_version=\u00bb4.25.1&#8243; _module_preset=\u00bbdefault\u00bb header_font=\u00bbOutfit||||||||\u00bb header_text_color=\u00bb#a5a5a5&#8243; header_letter_spacing=\u00bb1px\u00bb global_colors_info=\u00bb{}\u00bb][\/et_pb_blurb][\/et_pb_column][\/et_pb_row][\/et_pb_section][et_pb_section fb_built=\u00bb1&#8243; _builder_version=\u00bb4.22.2&#8243; _module_preset=\u00bbdefault\u00bb background_color=\u00bb#000000&#8243; custom_margin=\u00bb0px||0px||false|false\u00bb custom_padding=\u00bb50px||0px||false|false\u00bb border_width_top=\u00bb1px\u00bb border_color_top=\u00bb#1a1a1a\u00bb locked=\u00bboff\u00bb global_colors_info=\u00bb{}\u00bb][et_pb_row _builder_version=\u00bb4.22.2&#8243; _module_preset=\u00bbdefault\u00bb width=\u00bb100%\u00bb max_width=\u00bb100%\u00bb custom_margin=\u00bb0px||0px||false|false\u00bb custom_padding=\u00bb0px||0px||false|false\u00bb global_colors_info=\u00bb{}\u00bb][et_pb_column type=\u00bb4_4&#8243; _builder_version=\u00bb4.22.0&#8243; _module_preset=\u00bbdefault\u00bb global_colors_info=\u00bb{}\u00bb][et_pb_text _builder_version=\u00bb4.23.2&#8243; _module_preset=\u00bbdefault\u00bb text_font=\u00bbManrope|800|||||||\u00bb text_text_color=\u00bb#FFFFFF\u00bb text_font_size=\u00bb179px\u00bb text_letter_spacing=\u00bb-3px\u00bb text_line_height=\u00bb1em\u00bb text_orientation=\u00bbcenter\u00bb custom_margin=\u00bb0px||0px||false|false\u00bb custom_padding=\u00bb0px||0px||false|false\u00bb text_font_size_tablet=\u00bb100px\u00bb text_font_size_phone=\u00bb55px\u00bb text_font_size_last_edited=\u00bbon|tablet\u00bb global_colors_info=\u00bb{}\u00bb]<\/p>\n<p>Proyecto <span style=\"color: #e5097f;\">Dona<\/span><\/p>\n<p>[\/et_pb_text][et_pb_image src=\u00bbhttp:\/\/www.proyectodona.org\/wp-content\/uploads\/2024\/07\/Logo-mucho-mas-que-ayuda-proyecto-dona.png\u00bb title_text=\u00bbLogo mucho mas que ayuda proyecto dona\u00bb align=\u00bbcenter\u00bb _builder_version=\u00bb4.27.0&#8243; _module_preset=\u00bbdefault\u00bb width=\u00bb10%\u00bb width_tablet=\u00bb10%\u00bb width_phone=\u00bb35%\u00bb width_last_edited=\u00bbon|phone\u00bb global_colors_info=\u00bb{}\u00bb][\/et_pb_image][\/et_pb_column][\/et_pb_row][\/et_pb_section]<\/p>\n","protected":false},"excerpt":{"rendered":"<p>Asociaci\u00f3n m\u00e1s que ayuda y reciclajeVOLUNTARIADOForma parte de nosotros\u00a1Hazte Voluntario!PROYECTO DONA Si quieres pasar a la acci\u00f3n, puedes unirte al equipo de MUJERES que forman nuestra asociaci\u00f3n para el Cambio en la provincia de Alicante. Donas que creemos que el cambio es posible, y trabajamos con empe\u00f1o por la justicia social y la igualdad de [&hellip;]<\/p>\n","protected":false},"author":1,"featured_media":0,"parent":0,"menu_order":0,"comment_status":"closed","ping_status":"closed","template":"","meta":{"_et_pb_use_builder":"on","_et_pb_old_content":"","_et_gb_content_width":"","footnotes":""},"class_list":["post-84894","page","type-page","status-publish","hentry"],"yoast_head":"<!-- This site is optimized with the Yoast SEO plugin v25.4 - https:\/\/yoast.com\/wordpress\/plugins\/seo\/ -->\n<title>Voluntariado - Proyecto Dona<\/title>\n<meta name=\"robots\" content=\"index, follow, max-snippet:-1, max-image-preview:large, max-video-preview:-1\" \/>\n<link rel=\"canonical\" href=\"https:\/\/www.proyectodona.org\/index.php\/voluntariado\/\" \/>\n<meta property=\"og:locale\" content=\"es_ES\" \/>\n<meta property=\"og:type\" content=\"article\" \/>\n<meta property=\"og:title\" content=\"Voluntariado - Proyecto Dona\" \/>\n<meta property=\"og:description\" content=\"Asociaci\u00f3n m\u00e1s que ayuda y reciclajeVOLUNTARIADOForma parte de nosotros\u00a1Hazte Voluntario!PROYECTO DONA Si quieres pasar a la acci\u00f3n, puedes unirte al equipo de MUJERES que forman nuestra asociaci\u00f3n para el Cambio en la provincia de Alicante. Donas que creemos que el cambio es posible, y trabajamos con empe\u00f1o por la justicia social y la igualdad de [&hellip;]\" \/>\n<meta property=\"og:url\" content=\"https:\/\/www.proyectodona.org\/index.php\/voluntariado\/\" \/>\n<meta property=\"og:site_name\" content=\"Proyecto Dona\" \/>\n<meta property=\"article:modified_time\" content=\"2024-09-23T09:56:39+00:00\" \/>\n<meta name=\"twitter:card\" content=\"summary_large_image\" \/>\n<meta name=\"twitter:label1\" content=\"Tiempo de lectura\" \/>\n\t<meta name=\"twitter:data1\" content=\"9 minutos\" \/>\n<script type=\"application\/ld+json\" class=\"yoast-schema-graph\">{\"@context\":\"https:\/\/schema.org\",\"@graph\":[{\"@type\":\"WebPage\",\"@id\":\"https:\/\/www.proyectodona.org\/index.php\/voluntariado\/\",\"url\":\"https:\/\/www.proyectodona.org\/index.php\/voluntariado\/\",\"name\":\"Voluntariado - Proyecto Dona\",\"isPartOf\":{\"@id\":\"http:\/\/www.proyectodona.org\/#website\"},\"datePublished\":\"2024-05-21T18:44:03+00:00\",\"dateModified\":\"2024-09-23T09:56:39+00:00\",\"breadcrumb\":{\"@id\":\"https:\/\/www.proyectodona.org\/index.php\/voluntariado\/#breadcrumb\"},\"inLanguage\":\"es\",\"potentialAction\":[{\"@type\":\"ReadAction\",\"target\":[\"https:\/\/www.proyectodona.org\/index.php\/voluntariado\/\"]}]},{\"@type\":\"BreadcrumbList\",\"@id\":\"https:\/\/www.proyectodona.org\/index.php\/voluntariado\/#breadcrumb\",\"itemListElement\":[{\"@type\":\"ListItem\",\"position\":1,\"name\":\"Portada\",\"item\":\"http:\/\/www.proyectodona.org\/\"},{\"@type\":\"ListItem\",\"position\":2,\"name\":\"Voluntariado\"}]},{\"@type\":\"WebSite\",\"@id\":\"http:\/\/www.proyectodona.org\/#website\",\"url\":\"http:\/\/www.proyectodona.org\/\",\"name\":\"Proyecto Dona\",\"description\":\"Mucho m\u00e1s que ayuda\",\"publisher\":{\"@id\":\"http:\/\/www.proyectodona.org\/#organization\"},\"potentialAction\":[{\"@type\":\"SearchAction\",\"target\":{\"@type\":\"EntryPoint\",\"urlTemplate\":\"http:\/\/www.proyectodona.org\/?s={search_term_string}\"},\"query-input\":{\"@type\":\"PropertyValueSpecification\",\"valueRequired\":true,\"valueName\":\"search_term_string\"}}],\"inLanguage\":\"es\"},{\"@type\":\"Organization\",\"@id\":\"http:\/\/www.proyectodona.org\/#organization\",\"name\":\"Proyecto Dona\",\"url\":\"http:\/\/www.proyectodona.org\/\",\"logo\":{\"@type\":\"ImageObject\",\"inLanguage\":\"es\",\"@id\":\"http:\/\/www.proyectodona.org\/#\/schema\/logo\/image\/\",\"url\":\"http:\/\/www.proyectodona.org\/wp-content\/uploads\/2024\/07\/Logo-mucho-mas-que-ayuda-proyecto-dona.png\",\"contentUrl\":\"http:\/\/www.proyectodona.org\/wp-content\/uploads\/2024\/07\/Logo-mucho-mas-que-ayuda-proyecto-dona.png\",\"width\":481,\"height\":447,\"caption\":\"Proyecto Dona\"},\"image\":{\"@id\":\"http:\/\/www.proyectodona.org\/#\/schema\/logo\/image\/\"}}]}<\/script>\n<!-- \/ Yoast SEO plugin. -->","yoast_head_json":{"title":"Voluntariado - Proyecto Dona","robots":{"index":"index","follow":"follow","max-snippet":"max-snippet:-1","max-image-preview":"max-image-preview:large","max-video-preview":"max-video-preview:-1"},"canonical":"https:\/\/www.proyectodona.org\/index.php\/voluntariado\/","og_locale":"es_ES","og_type":"article","og_title":"Voluntariado - Proyecto Dona","og_description":"Asociaci\u00f3n m\u00e1s que ayuda y reciclajeVOLUNTARIADOForma parte de nosotros\u00a1Hazte Voluntario!PROYECTO DONA Si quieres pasar a la acci\u00f3n, puedes unirte al equipo de MUJERES que forman nuestra asociaci\u00f3n para el Cambio en la provincia de Alicante. Donas que creemos que el cambio es posible, y trabajamos con empe\u00f1o por la justicia social y la igualdad de [&hellip;]","og_url":"https:\/\/www.proyectodona.org\/index.php\/voluntariado\/","og_site_name":"Proyecto Dona","article_modified_time":"2024-09-23T09:56:39+00:00","twitter_card":"summary_large_image","twitter_misc":{"Tiempo de lectura":"9 minutos"},"schema":{"@context":"https:\/\/schema.org","@graph":[{"@type":"WebPage","@id":"https:\/\/www.proyectodona.org\/index.php\/voluntariado\/","url":"https:\/\/www.proyectodona.org\/index.php\/voluntariado\/","name":"Voluntariado - Proyecto Dona","isPartOf":{"@id":"http:\/\/www.proyectodona.org\/#website"},"datePublished":"2024-05-21T18:44:03+00:00","dateModified":"2024-09-23T09:56:39+00:00","breadcrumb":{"@id":"https:\/\/www.proyectodona.org\/index.php\/voluntariado\/#breadcrumb"},"inLanguage":"es","potentialAction":[{"@type":"ReadAction","target":["https:\/\/www.proyectodona.org\/index.php\/voluntariado\/"]}]},{"@type":"BreadcrumbList","@id":"https:\/\/www.proyectodona.org\/index.php\/voluntariado\/#breadcrumb","itemListElement":[{"@type":"ListItem","position":1,"name":"Portada","item":"http:\/\/www.proyectodona.org\/"},{"@type":"ListItem","position":2,"name":"Voluntariado"}]},{"@type":"WebSite","@id":"http:\/\/www.proyectodona.org\/#website","url":"http:\/\/www.proyectodona.org\/","name":"Proyecto Dona","description":"Mucho m\u00e1s que ayuda","publisher":{"@id":"http:\/\/www.proyectodona.org\/#organization"},"potentialAction":[{"@type":"SearchAction","target":{"@type":"EntryPoint","urlTemplate":"http:\/\/www.proyectodona.org\/?s={search_term_string}"},"query-input":{"@type":"PropertyValueSpecification","valueRequired":true,"valueName":"search_term_string"}}],"inLanguage":"es"},{"@type":"Organization","@id":"http:\/\/www.proyectodona.org\/#organization","name":"Proyecto Dona","url":"http:\/\/www.proyectodona.org\/","logo":{"@type":"ImageObject","inLanguage":"es","@id":"http:\/\/www.proyectodona.org\/#\/schema\/logo\/image\/","url":"http:\/\/www.proyectodona.org\/wp-content\/uploads\/2024\/07\/Logo-mucho-mas-que-ayuda-proyecto-dona.png","contentUrl":"http:\/\/www.proyectodona.org\/wp-content\/uploads\/2024\/07\/Logo-mucho-mas-que-ayuda-proyecto-dona.png","width":481,"height":447,"caption":"Proyecto Dona"},"image":{"@id":"http:\/\/www.proyectodona.org\/#\/schema\/logo\/image\/"}}]}},"_links":{"self":[{"href":"https:\/\/www.proyectodona.org\/index.php\/wp-json\/wp\/v2\/pages\/84894","targetHints":{"allow":["GET"]}}],"collection":[{"href":"https:\/\/www.proyectodona.org\/index.php\/wp-json\/wp\/v2\/pages"}],"about":[{"href":"https:\/\/www.proyectodona.org\/index.php\/wp-json\/wp\/v2\/types\/page"}],"author":[{"embeddable":true,"href":"https:\/\/www.proyectodona.org\/index.php\/wp-json\/wp\/v2\/users\/1"}],"replies":[{"embeddable":true,"href":"https:\/\/www.proyectodona.org\/index.php\/wp-json\/wp\/v2\/comments?post=84894"}],"version-history":[{"count":10,"href":"https:\/\/www.proyectodona.org\/index.php\/wp-json\/wp\/v2\/pages\/84894\/revisions"}],"predecessor-version":[{"id":85112,"href":"https:\/\/www.proyectodona.org\/index.php\/wp-json\/wp\/v2\/pages\/84894\/revisions\/85112"}],"wp:attachment":[{"href":"https:\/\/www.proyectodona.org\/index.php\/wp-json\/wp\/v2\/media?parent=84894"}],"curies":[{"name":"wp","href":"https:\/\/api.w.org\/{rel}","templated":true}]}}